{"id":37,"date":"2020-08-06T16:35:17","date_gmt":"2020-08-06T16:35:17","guid":{"rendered":"http:\/\/hno-haenni.pixel-welten.ch\/?page_id=37"},"modified":"2020-10-13T20:00:16","modified_gmt":"2020-10-13T20:00:16","slug":"dr-med-peter-haenni","status":"publish","type":"page","link":"https:\/\/haenni-hno.ch\/?page_id=37","title":{"rendered":"Dr. med. Peter H\u00e4nni"},"content":{"rendered":"\n<figure class=\"wp-block-image size-large is-resized\"><img loading=\"lazy\" decoding=\"async\" src=\"https:\/\/haenni-hno.ch\/wp-content\/uploads\/2020\/10\/DSC_0237-786x1024.jpg\" alt=\"\" class=\"wp-image-247\" width=\"264\" height=\"343\" srcset=\"https:\/\/haenni-hno.ch\/wp-content\/uploads\/2020\/10\/DSC_0237-786x1024.jpg 786w, https:\/\/haenni-hno.ch\/wp-content\/uploads\/2020\/10\/DSC_0237-230x300.jpg 230w, https:\/\/haenni-hno.ch\/wp-content\/uploads\/2020\/10\/DSC_0237-768x1000.jpg 768w, https:\/\/haenni-hno.ch\/wp-content\/uploads\/2020\/10\/DSC_0237-1180x1536.jpg 1180w, https:\/\/haenni-hno.ch\/wp-content\/uploads\/2020\/10\/DSC_0237-1573x2048.jpg 1573w, https:\/\/haenni-hno.ch\/wp-content\/uploads\/2020\/10\/DSC_0237-scaled.jpg 1966w\" sizes=\"auto, (max-width: 264px) 100vw, 264px\" \/><\/figure>\n\n\n\n<h2 class=\"wp-block-heading\">Facharzttitel<\/h2>\n\n\n\n<p>Oto- Rhino- Laryngologie<\/p>\n\n\n\n<h2 class=\"wp-block-heading\">Zusatztitel<\/h2>\n\n\n\n<p>Hals- und Gesichtschirurgie<\/p>\n\n\n\n<h2 class=\"wp-block-heading\">F\u00e4higkeitsausweis<\/h2>\n\n\n\n<ul class=\"wp-block-list\"><li>Laserbehandlungen der Haut und hautnahen Schleimh\u00e4ute (FMS)<\/li><li>Vertrauensarzt (SGV)<\/li><li>Zertifizierter Gutachter SIM<\/li><li>Medical Management FA<\/li><\/ul>\n\n\n\n<h2 class=\"wp-block-heading\">Lebenslauf<\/h2>\n\n\n\n<ul class=\"wp-block-list\"><li>2010 Zertifizierter medizinischer Gutachter SIM (Swiss Insurance Medicine)<\/li><li>2004 F\u00e4higkeitsausweis FMH\/ SGV &#171;Vertrauensarzt&#187;<\/li><li>seit 2002 Aus\u00fcbung einer nebenamtlichen T\u00e4tigkeit als Vertrauensarzt beim &#171;Schweizerischen Verband f\u00fcr Gemeinschaftsaufgaben&#187;, SVK (<a rel=\"noreferrer noopener\" href=\"http:\/\/haenni-hno.ch\/?page_id=60\" target=\"_blank\">siehe Links<\/a>)<\/li><li>2002 F\u00e4higkeitsausweis FMH\/FMS f\u00fcr &#171;Laserbehandlung der Haut und hautnahen Schleimhaut&#187;<\/li><li>2000 &#8211; 2002 Nachdiplomstudium &#171;Medical Management FH&#187;<\/li><li>1996 &#8211; 2002 Externer Leitender Arzt HNO-Klinik B\u00fcrgerspital Solothurn<\/li><li>1996 Er\u00f6ffnung Privatpraxis in Solothurn<\/li><li>1995 Zusatztitel FMH f\u00fcr &#171;Hals- und Gesichtschirurgie&#187;<\/li><li>1993 Facharzttitel FMH f\u00fcr &#171;Hals-, Nasen-, Ohrenkrankheiten&#187;<\/li><li>1990 -1996 Ausbildung HNO \/ Hals- und Gesichtschirurgie1990-91 Inselspital Bern, Proff. Neiger und H\u00e4usler<ul><li>1991-92 B\u00fcrgerspital SO, Dr. B. Greusing<\/li><li>1992-93 Kieferchirurgie Inselspital Bern, Prof. Raveh<\/li><li>1993-96 Kantonsspital SG, Prof. R. Grossenbacher (ab 1994 als Oberarzt)<\/li><\/ul><\/li><li>1987 &#8211; 1989 Ausbildung Allgemeine Chirurgie<ul><li>1987-88 Klinik Permanence Bern West<\/li><\/ul><ul><li>1988-89 Regionalspital Thun<\/li><\/ul><\/li><li>1987 Doktorat an der Universit\u00e4t Bern<\/li><li>1980 &#8211; 1986 Medizinstudium und Staatsexamen Universit\u00e4t Bern<\/li><\/ul>\n\n\n\n<h2 class=\"wp-block-heading\">Mitgliedschaften und \u00f6ffentliche \u00c4mter<\/h2>\n\n\n\n<ul class=\"wp-block-list\"><li>Verbindung der Schweizer \u00c4rztinnen und \u00c4rzte, FMH<\/li><li>Schweizerische Gesellschaft f\u00fcr Oto-, Rhino-, Laryngologie<\/li><li>Gesellschaft der \u00c4rztinnen und \u00c4rzte des Kantons Solothurn, GAeSo<\/li><li>Schweizerische Gesellschaft der Vertrauens\u00e4rzte, SGV<\/li><li>Swiss Insurance Medicine, SIM<\/li><\/ul>\n","protected":false},"excerpt":{"rendered":"<p>Facharzttitel Oto- Rhino- Laryngologie Zusatztitel Hals- und Gesichtschirurgie F\u00e4higkeitsausweis Laserbehandlungen der Haut und hautnahen Schleimh\u00e4ute (FMS) Vertrauensarzt (SGV) Zertifizierter Gutachter SIM Medical Management FA Lebenslauf&hellip;<\/p>\n","protected":false},"author":1,"featured_media":0,"parent":0,"menu_order":0,"comment_status":"closed","ping_status":"closed","template":"","meta":{"footnotes":""},"class_list":["post-37","page","type-page","status-publish","hentry"],"_links":{"self":[{"href":"https:\/\/haenni-hno.ch\/index.php?rest_route=\/wp\/v2\/pages\/37","targetHints":{"allow":["GET"]}}],"collection":[{"href":"https:\/\/haenni-hno.ch\/index.php?rest_route=\/wp\/v2\/pages"}],"about":[{"href":"https:\/\/haenni-hno.ch\/index.php?rest_route=\/wp\/v2\/types\/page"}],"author":[{"embeddable":true,"href":"https:\/\/haenni-hno.ch\/index.php?rest_route=\/wp\/v2\/users\/1"}],"replies":[{"embeddable":true,"href":"https:\/\/haenni-hno.ch\/index.php?rest_route=%2Fwp%2Fv2%2Fcomments&post=37"}],"version-history":[{"count":11,"href":"https:\/\/haenni-hno.ch\/index.php?rest_route=\/wp\/v2\/pages\/37\/revisions"}],"predecessor-version":[{"id":267,"href":"https:\/\/haenni-hno.ch\/index.php?rest_route=\/wp\/v2\/pages\/37\/revisions\/267"}],"wp:attachment":[{"href":"https:\/\/haenni-hno.ch\/index.php?rest_route=%2Fwp%2Fv2%2Fmedia&parent=37"}],"curies":[{"name":"wp","href":"https:\/\/api.w.org\/{rel}","templated":true}]}}