{"id":34,"date":"2020-08-06T16:31:52","date_gmt":"2020-08-06T16:31:52","guid":{"rendered":"http:\/\/hno-haenni.pixel-welten.ch\/?page_id=34"},"modified":"2023-12-19T20:27:42","modified_gmt":"2023-12-19T20:27:42","slug":"dr-med-haenni-olivia","status":"publish","type":"page","link":"https:\/\/haenni-hno.ch\/?page_id=34","title":{"rendered":"Dr. med. Olivia H\u00e4nni"},"content":{"rendered":"\n<figure class=\"wp-block-image is-resized\"><img loading=\"lazy\" decoding=\"async\" width=\"750\" height=\"1024\" src=\"https:\/\/haenni-hno.ch\/wp-content\/uploads\/2020\/10\/DSC_0203-750x1024.jpg\" alt=\"\" class=\"wp-image-261\" style=\"width:258px;height:auto\" srcset=\"https:\/\/haenni-hno.ch\/wp-content\/uploads\/2020\/10\/DSC_0203-750x1024.jpg 750w, https:\/\/haenni-hno.ch\/wp-content\/uploads\/2020\/10\/DSC_0203-220x300.jpg 220w, https:\/\/haenni-hno.ch\/wp-content\/uploads\/2020\/10\/DSC_0203-768x1048.jpg 768w, https:\/\/haenni-hno.ch\/wp-content\/uploads\/2020\/10\/DSC_0203-1125x1536.jpg 1125w, https:\/\/haenni-hno.ch\/wp-content\/uploads\/2020\/10\/DSC_0203-1500x2048.jpg 1500w, https:\/\/haenni-hno.ch\/wp-content\/uploads\/2020\/10\/DSC_0203-scaled.jpg 1875w\" sizes=\"auto, (max-width: 750px) 100vw, 750px\" \/><\/figure>\n\n\n\n<h2 class=\"wp-block-heading\">Facharzttitel<\/h2>\n\n\n\n<p>Facharzttitel Oto-Rhino-Laryngologie 2020<\/p>\n\n\n\n<h2 class=\"wp-block-heading\">Zusatztitel<\/h2>\n\n\n\n<p>Phoniatrie und P\u00e4daudiologie (i.A.)<\/p>\n\n\n\n<h2 class=\"wp-block-heading\">F\u00e4higkeitsausweis<\/h2>\n\n\n\n<ul class=\"wp-block-list\">\n<li>F\u00e4higkeitsausweis Sonographie Halsorgane SGUM<\/li>\n\n\n\n<li>Zertifikat Respiratorische Polygraphie<\/li>\n<\/ul>\n\n\n\n<h2 class=\"wp-block-heading\">Lebenslauf<\/h2>\n\n\n\n<ul class=\"wp-block-list\">\n<li><strong>aktuell<\/strong>: Privatpraxis HNO (60% Pensum), HNO-Praxis H\u00e4nni GmbH<\/li>\n\n\n\n<li>2020 &#8211; 2023 Fach\u00e4rztin HNO (60% Pensum), Abteilung Phoniatrie und Audiologie, Inselspital Bern, Prof. Dr. med. E. Seifert, Prof. Dr. sc. techn. Dr. med. M. Kompis<\/li>\n\n\n\n<li>2020 Facharzttitel Oto-Rhino-Laryngologie<\/li>\n\n\n\n<li>2020 Stv. Ober\u00e4rztin Schwindelzentrum HNO Inselspital Bern, Prof. Dr. med. G. Mantokoudis<\/li>\n\n\n\n<li>2015 &#8211; 2020 Assistenz\u00e4rztin HNO Inselspital Bern, Prof. Dr. med. M. Caversaccio, Prof. Dr. med. R. Gieger\n<ul class=\"wp-block-list\">\n<li>2017 Fremdjahr HNO B\u00fcrgerspital Solothurn, PD Dr. med. P. Dubach<\/li>\n<\/ul>\n<\/li>\n\n\n\n<li>2014 &#8211; 2015 Assistenz\u00e4rztin Chirurgie Spital M\u00fcnsingen, Dr. med. M. Mettler, Dr. med. J. Br\u00fcndler<\/li>\n\n\n\n<li>2013 Doktorat Universit\u00e4tsspital Basel<\/li>\n\n\n\n<li>2012 &#8211; 2014 Assistenz\u00e4rztin Innere Medizin B\u00fcrgerspital Solothurn, Prof. Dr. med. R. Sch\u00f6nenberger, Prof. Dr. med. H. Marti, PD Dr. med. A. Stucki<\/li>\n\n\n\n<li>2011 Staatsexamen Universit\u00e4t Basel<\/li>\n<\/ul>\n","protected":false},"excerpt":{"rendered":"<p>Facharzttitel Facharzttitel Oto-Rhino-Laryngologie 2020 Zusatztitel Phoniatrie und P\u00e4daudiologie (i.A.) F\u00e4higkeitsausweis Lebenslauf<\/p>\n","protected":false},"author":1,"featured_media":0,"parent":0,"menu_order":0,"comment_status":"closed","ping_status":"closed","template":"","meta":{"footnotes":""},"class_list":["post-34","page","type-page","status-publish","hentry"],"_links":{"self":[{"href":"https:\/\/haenni-hno.ch\/index.php?rest_route=\/wp\/v2\/pages\/34","targetHints":{"allow":["GET"]}}],"collection":[{"href":"https:\/\/haenni-hno.ch\/index.php?rest_route=\/wp\/v2\/pages"}],"about":[{"href":"https:\/\/haenni-hno.ch\/index.php?rest_route=\/wp\/v2\/types\/page"}],"author":[{"embeddable":true,"href":"https:\/\/haenni-hno.ch\/index.php?rest_route=\/wp\/v2\/users\/1"}],"replies":[{"embeddable":true,"href":"https:\/\/haenni-hno.ch\/index.php?rest_route=%2Fwp%2Fv2%2Fcomments&post=34"}],"version-history":[{"count":34,"href":"https:\/\/haenni-hno.ch\/index.php?rest_route=\/wp\/v2\/pages\/34\/revisions"}],"predecessor-version":[{"id":304,"href":"https:\/\/haenni-hno.ch\/index.php?rest_route=\/wp\/v2\/pages\/34\/revisions\/304"}],"wp:attachment":[{"href":"https:\/\/haenni-hno.ch\/index.php?rest_route=%2Fwp%2Fv2%2Fmedia&parent=34"}],"curies":[{"name":"wp","href":"https:\/\/api.w.org\/{rel}","templated":true}]}}