{"id":25,"date":"2020-07-28T19:49:26","date_gmt":"2020-07-28T19:49:26","guid":{"rendered":"http:\/\/hno-haenni.pixel-welten.ch\/?page_id=25"},"modified":"2024-01-03T19:45:42","modified_gmt":"2024-01-03T19:45:42","slug":"wo-wir-sind","status":"publish","type":"page","link":"https:\/\/haenni-hno.ch\/?page_id=25","title":{"rendered":"Kontakt \/ Anreise"},"content":{"rendered":"\n<figure class=\"wp-block-image size-large is-resized\"><img loading=\"lazy\" decoding=\"async\" width=\"1024\" height=\"613\" src=\"https:\/\/haenni-hno.ch\/wp-content\/uploads\/2024\/01\/WhatsApp-Image-2024-01-03-at-20.28-1024x613.jpg\" alt=\"\" class=\"wp-image-327\" style=\"width:472px;height:auto\" srcset=\"https:\/\/haenni-hno.ch\/wp-content\/uploads\/2024\/01\/WhatsApp-Image-2024-01-03-at-20.28-1024x613.jpg 1024w, https:\/\/haenni-hno.ch\/wp-content\/uploads\/2024\/01\/WhatsApp-Image-2024-01-03-at-20.28-300x179.jpg 300w, https:\/\/haenni-hno.ch\/wp-content\/uploads\/2024\/01\/WhatsApp-Image-2024-01-03-at-20.28-768x459.jpg 768w, https:\/\/haenni-hno.ch\/wp-content\/uploads\/2024\/01\/WhatsApp-Image-2024-01-03-at-20.28.jpg 1294w\" sizes=\"auto, (max-width: 1024px) 100vw, 1024px\" \/><\/figure>\n\n\n\n<h2 class=\"wp-block-heading\">Adresse<\/h2>\n\n\n\n<p>HNO-Praxis H\u00e4nni GmbH<br>Bielstrasse 18<br>4500 Solothurn<\/p>\n\n\n\n<p>Die Praxis befindet sich im 2. OG und kann mit dem Lift erreicht werden. <strong>Die Praxis ist rollstuhlg\u00e4ngig.<\/strong><br>Kostenpflichtige Parkpl\u00e4tze sind im Geb\u00e4ude verf\u00fcgbar (\u00d6ffentliches Parkhaus).<\/p>\n\n\n\n<h2 class=\"wp-block-heading\">Sprachen<\/h2>\n\n\n\n<p>Deutsch, Franz\u00f6sisch, Italienisch, Englisch<\/p>\n\n\n\n<h2 class=\"wp-block-heading\">\u00d6ffentliche Verkehrsmittel<\/h2>\n\n\n\n<p>Die Busse 1 \/ 2 \/ 3 \/ 4 \/ 5 \/ 7 halten am Amthausplatz von da aus ist die Praxis in 3 Minuten zu Fuss erreichbar.<br>Die Busse 1 \/ 2 \/ 3 \/ 4 \/ 5 \/ 7 halten an der Haltestelle Zentralbibliothek von da aus ist die Praxis in 3 Minuten zu Fuss erreichbar.<\/p>\n\n\n\n<h2 class=\"wp-block-heading\">Kontaktformular<\/h2>\n\n\n\n<p>Gerne d\u00fcrfen Sie \u00fcber unser Kontaktformular mit uns in Verbindung treten: <a href=\"http:\/\/haenni-hno.ch\/?page_id=86\">Link<\/a><\/p>\n\n\n\n<h2 class=\"wp-block-heading\">Karte<\/h2>\n\n\n\n<iframe loading=\"lazy\" src=\"https:\/\/www.google.com\/maps\/embed?pb=!1m18!1m12!1m3!1d2710.450888812987!2d7.530634915621723!3d47.20775927916022!2m3!1f0!2f0!3f0!3m2!1i1024!2i768!4f13.1!3m3!1m2!1s0x4791d802f824de1f%3A0x7e0ec370fd1edc4a!2sDr.%20med.%20Peter%20H%C3%A4nni!5e0!3m2!1sde!2sch!4v1595966554427!5m2!1sde!2sch\" width=\"600\" height=\"450\" frameborder=\"0\" style=\"border:0;\" allowfullscreen=\"\" aria-hidden=\"false\" tabindex=\"0\"><\/iframe>\n","protected":false},"excerpt":{"rendered":"<p>Adresse HNO-Praxis H\u00e4nni GmbHBielstrasse 184500 Solothurn Die Praxis befindet sich im 2. OG und kann mit dem Lift erreicht werden. Die Praxis ist rollstuhlg\u00e4ngig.Kostenpflichtige Parkpl\u00e4tze&hellip;<\/p>\n","protected":false},"author":1,"featured_media":0,"parent":0,"menu_order":0,"comment_status":"closed","ping_status":"closed","template":"","meta":{"footnotes":""},"class_list":["post-25","page","type-page","status-publish","hentry"],"_links":{"self":[{"href":"https:\/\/haenni-hno.ch\/index.php?rest_route=\/wp\/v2\/pages\/25","targetHints":{"allow":["GET"]}}],"collection":[{"href":"https:\/\/haenni-hno.ch\/index.php?rest_route=\/wp\/v2\/pages"}],"about":[{"href":"https:\/\/haenni-hno.ch\/index.php?rest_route=\/wp\/v2\/types\/page"}],"author":[{"embeddable":true,"href":"https:\/\/haenni-hno.ch\/index.php?rest_route=\/wp\/v2\/users\/1"}],"replies":[{"embeddable":true,"href":"https:\/\/haenni-hno.ch\/index.php?rest_route=%2Fwp%2Fv2%2Fcomments&post=25"}],"version-history":[{"count":4,"href":"https:\/\/haenni-hno.ch\/index.php?rest_route=\/wp\/v2\/pages\/25\/revisions"}],"predecessor-version":[{"id":328,"href":"https:\/\/haenni-hno.ch\/index.php?rest_route=\/wp\/v2\/pages\/25\/revisions\/328"}],"wp:attachment":[{"href":"https:\/\/haenni-hno.ch\/index.php?rest_route=%2Fwp%2Fv2%2Fmedia&parent=25"}],"curies":[{"name":"wp","href":"https:\/\/api.w.org\/{rel}","templated":true}]}}