{"id":20,"date":"2020-07-28T19:29:12","date_gmt":"2020-07-28T19:29:12","guid":{"rendered":"http:\/\/hno-haenni.pixel-welten.ch\/?page_id=11"},"modified":"2024-01-03T19:12:15","modified_gmt":"2024-01-03T19:12:15","slug":"team","status":"publish","type":"page","link":"https:\/\/haenni-hno.ch\/?page_id=20","title":{"rendered":"Team"},"content":{"rendered":"\n<h2 class=\"wp-block-heading\">\u00c4rzte<\/h2>\n\n\n\n<h3 class=\"wp-block-heading\"><a href=\"http:\/\/haenni-hno.ch\/?page_id=37\">Dr. med. Peter H\u00e4nni<\/a><\/h3>\n\n\n\n<figure class=\"wp-block-image size-large is-resized\"><a href=\"https:\/\/haenni-hno.ch\/?page_id=37\"><img loading=\"lazy\" decoding=\"async\" width=\"1024\" height=\"683\" src=\"https:\/\/haenni-hno.ch\/wp-content\/uploads\/2020\/10\/DSC_0246-1024x683.jpg\" alt=\"\" class=\"wp-image-248\" style=\"aspect-ratio:1.5047169811320755;width:499px;height:auto\" srcset=\"https:\/\/haenni-hno.ch\/wp-content\/uploads\/2020\/10\/DSC_0246-1024x683.jpg 1024w, https:\/\/haenni-hno.ch\/wp-content\/uploads\/2020\/10\/DSC_0246-300x200.jpg 300w, https:\/\/haenni-hno.ch\/wp-content\/uploads\/2020\/10\/DSC_0246-768x512.jpg 768w, https:\/\/haenni-hno.ch\/wp-content\/uploads\/2020\/10\/DSC_0246-1536x1024.jpg 1536w, https:\/\/haenni-hno.ch\/wp-content\/uploads\/2020\/10\/DSC_0246-2048x1365.jpg 2048w\" sizes=\"auto, (max-width: 1024px) 100vw, 1024px\" \/><\/a><\/figure>\n\n\n\n<h3 class=\"wp-block-heading\"><a href=\"http:\/\/haenni-hno.ch\/?page_id=34\">Dr. med. Olivia H\u00e4nni<\/a><\/h3>\n\n\n\n<figure class=\"wp-block-image size-large is-resized\"><a href=\"https:\/\/haenni-hno.ch\/?page_id=34\"><img loading=\"lazy\" decoding=\"async\" width=\"1024\" height=\"683\" src=\"https:\/\/haenni-hno.ch\/wp-content\/uploads\/2020\/10\/DSC_0226_bearbeitet-1024x683.jpg\" alt=\"\" class=\"wp-image-246\" style=\"aspect-ratio:1.5070422535211268;width:499px;height:auto\" srcset=\"https:\/\/haenni-hno.ch\/wp-content\/uploads\/2020\/10\/DSC_0226_bearbeitet-1024x683.jpg 1024w, https:\/\/haenni-hno.ch\/wp-content\/uploads\/2020\/10\/DSC_0226_bearbeitet-300x200.jpg 300w, https:\/\/haenni-hno.ch\/wp-content\/uploads\/2020\/10\/DSC_0226_bearbeitet-768x512.jpg 768w, https:\/\/haenni-hno.ch\/wp-content\/uploads\/2020\/10\/DSC_0226_bearbeitet-1536x1024.jpg 1536w, https:\/\/haenni-hno.ch\/wp-content\/uploads\/2020\/10\/DSC_0226_bearbeitet-2048x1365.jpg 2048w\" sizes=\"auto, (max-width: 1024px) 100vw, 1024px\" \/><\/a><\/figure>\n\n\n\n<div style=\"height:100px\" aria-hidden=\"true\" class=\"wp-block-spacer\"><\/div>\n\n\n\n<h2 class=\"wp-block-heading\">Medizinische Praxisassistentinnen (MPA) \/ Sekretariat<\/h2>\n\n\n\n<h3 class=\"wp-block-heading\">Marianne H\u00e4ring, Leitende MPA<\/h3>\n\n\n\n<figure class=\"wp-block-image size-large is-resized\"><img loading=\"lazy\" decoding=\"async\" width=\"1024\" height=\"752\" src=\"https:\/\/haenni-hno.ch\/wp-content\/uploads\/2023\/12\/MST_3738-1024x752.jpg\" alt=\"\" class=\"wp-image-306\" style=\"aspect-ratio:1.506726457399103;width:499px;height:auto\" srcset=\"https:\/\/haenni-hno.ch\/wp-content\/uploads\/2023\/12\/MST_3738-1024x752.jpg 1024w, https:\/\/haenni-hno.ch\/wp-content\/uploads\/2023\/12\/MST_3738-300x220.jpg 300w, https:\/\/haenni-hno.ch\/wp-content\/uploads\/2023\/12\/MST_3738-768x564.jpg 768w, https:\/\/haenni-hno.ch\/wp-content\/uploads\/2023\/12\/MST_3738-1536x1129.jpg 1536w, https:\/\/haenni-hno.ch\/wp-content\/uploads\/2023\/12\/MST_3738-2048x1505.jpg 2048w\" sizes=\"auto, (max-width: 1024px) 100vw, 1024px\" \/><\/figure>\n\n\n\n<h3 class=\"wp-block-heading\">Christina Kyburz-Kambli<\/h3>\n\n\n\n<figure class=\"wp-block-image size-large is-resized\"><img loading=\"lazy\" decoding=\"async\" width=\"1024\" height=\"686\" src=\"https:\/\/haenni-hno.ch\/wp-content\/uploads\/2023\/12\/MST_3815-1024x686.jpg\" alt=\"\" class=\"wp-image-307\" style=\"aspect-ratio:1.502202643171806;width:499px;height:auto\" srcset=\"https:\/\/haenni-hno.ch\/wp-content\/uploads\/2023\/12\/MST_3815-1024x686.jpg 1024w, https:\/\/haenni-hno.ch\/wp-content\/uploads\/2023\/12\/MST_3815-300x201.jpg 300w, https:\/\/haenni-hno.ch\/wp-content\/uploads\/2023\/12\/MST_3815-768x515.jpg 768w, https:\/\/haenni-hno.ch\/wp-content\/uploads\/2023\/12\/MST_3815-1536x1030.jpg 1536w, https:\/\/haenni-hno.ch\/wp-content\/uploads\/2023\/12\/MST_3815-2048x1373.jpg 2048w\" sizes=\"auto, (max-width: 1024px) 100vw, 1024px\" \/><\/figure>\n\n\n\n<h3 class=\"wp-block-heading\">Jocelyne H\u00e4nni<\/h3>\n\n\n\n<figure class=\"wp-block-image size-large is-resized\"><img loading=\"lazy\" decoding=\"async\" width=\"1024\" height=\"684\" src=\"https:\/\/haenni-hno.ch\/wp-content\/uploads\/2023\/12\/MST_3736-1024x684.jpg\" alt=\"\" class=\"wp-image-308\" style=\"aspect-ratio:1.5064935064935066;width:499px;height:auto\" srcset=\"https:\/\/haenni-hno.ch\/wp-content\/uploads\/2023\/12\/MST_3736-1024x684.jpg 1024w, https:\/\/haenni-hno.ch\/wp-content\/uploads\/2023\/12\/MST_3736-300x200.jpg 300w, https:\/\/haenni-hno.ch\/wp-content\/uploads\/2023\/12\/MST_3736-768x513.jpg 768w, https:\/\/haenni-hno.ch\/wp-content\/uploads\/2023\/12\/MST_3736-1536x1025.jpg 1536w, https:\/\/haenni-hno.ch\/wp-content\/uploads\/2023\/12\/MST_3736-2048x1367.jpg 2048w\" sizes=\"auto, (max-width: 1024px) 100vw, 1024px\" \/><\/figure>\n\n\n\n<h3 class=\"wp-block-heading\">Christa Feier<\/h3>\n\n\n\n<figure class=\"wp-block-image size-large is-resized\"><img loading=\"lazy\" decoding=\"async\" width=\"1024\" height=\"732\" src=\"https:\/\/haenni-hno.ch\/wp-content\/uploads\/2023\/12\/MST_3759-1024x732.jpg\" alt=\"\" class=\"wp-image-309\" style=\"width:499px;height:auto\" srcset=\"https:\/\/haenni-hno.ch\/wp-content\/uploads\/2023\/12\/MST_3759-1024x732.jpg 1024w, https:\/\/haenni-hno.ch\/wp-content\/uploads\/2023\/12\/MST_3759-300x215.jpg 300w, https:\/\/haenni-hno.ch\/wp-content\/uploads\/2023\/12\/MST_3759-768x549.jpg 768w, https:\/\/haenni-hno.ch\/wp-content\/uploads\/2023\/12\/MST_3759-1536x1098.jpg 1536w, https:\/\/haenni-hno.ch\/wp-content\/uploads\/2023\/12\/MST_3759-2048x1465.jpg 2048w\" sizes=\"auto, (max-width: 1024px) 100vw, 1024px\" \/><\/figure>\n","protected":false},"excerpt":{"rendered":"<p>\u00c4rzte Dr. med. Peter H\u00e4nni Dr. med. Olivia H\u00e4nni Medizinische Praxisassistentinnen (MPA) \/ Sekretariat Marianne H\u00e4ring, Leitende MPA Christina Kyburz-Kambli Jocelyne H\u00e4nni Christa Feier<\/p>\n","protected":false},"author":1,"featured_media":0,"parent":0,"menu_order":0,"comment_status":"closed","ping_status":"closed","template":"","meta":{"footnotes":""},"class_list":["post-20","page","type-page","status-publish","hentry"],"_links":{"self":[{"href":"https:\/\/haenni-hno.ch\/index.php?rest_route=\/wp\/v2\/pages\/20","targetHints":{"allow":["GET"]}}],"collection":[{"href":"https:\/\/haenni-hno.ch\/index.php?rest_route=\/wp\/v2\/pages"}],"about":[{"href":"https:\/\/haenni-hno.ch\/index.php?rest_route=\/wp\/v2\/types\/page"}],"author":[{"embeddable":true,"href":"https:\/\/haenni-hno.ch\/index.php?rest_route=\/wp\/v2\/users\/1"}],"replies":[{"embeddable":true,"href":"https:\/\/haenni-hno.ch\/index.php?rest_route=%2Fwp%2Fv2%2Fcomments&post=20"}],"version-history":[{"count":19,"href":"https:\/\/haenni-hno.ch\/index.php?rest_route=\/wp\/v2\/pages\/20\/revisions"}],"predecessor-version":[{"id":324,"href":"https:\/\/haenni-hno.ch\/index.php?rest_route=\/wp\/v2\/pages\/20\/revisions\/324"}],"wp:attachment":[{"href":"https:\/\/haenni-hno.ch\/index.php?rest_route=%2Fwp%2Fv2%2Fmedia&parent=20"}],"curies":[{"name":"wp","href":"https:\/\/api.w.org\/{rel}","templated":true}]}}