{"id":105,"date":"2020-07-28T19:41:42","date_gmt":"2020-07-28T19:41:42","guid":{"rendered":"http:\/\/hno-haenni.pixel-welten.ch\/?page_id=21"},"modified":"2024-01-03T19:07:36","modified_gmt":"2024-01-03T19:07:36","slug":"praxis","status":"publish","type":"page","link":"https:\/\/haenni-hno.ch\/","title":{"rendered":"Praxis"},"content":{"rendered":"\n<figure class=\"wp-block-image size-large\"><img loading=\"lazy\" decoding=\"async\" width=\"1024\" height=\"972\" src=\"https:\/\/haenni-hno.ch\/wp-content\/uploads\/2023\/12\/MST_3809-1024x972.jpg\" alt=\"\" class=\"wp-image-311\" srcset=\"https:\/\/haenni-hno.ch\/wp-content\/uploads\/2023\/12\/MST_3809-1024x972.jpg 1024w, https:\/\/haenni-hno.ch\/wp-content\/uploads\/2023\/12\/MST_3809-300x285.jpg 300w, https:\/\/haenni-hno.ch\/wp-content\/uploads\/2023\/12\/MST_3809-768x729.jpg 768w, https:\/\/haenni-hno.ch\/wp-content\/uploads\/2023\/12\/MST_3809-1536x1458.jpg 1536w, https:\/\/haenni-hno.ch\/wp-content\/uploads\/2023\/12\/MST_3809-2048x1944.jpg 2048w\" sizes=\"auto, (max-width: 1024px) 100vw, 1024px\" \/><\/figure>\n\n\n\n<h2 class=\"wp-block-heading\">T\u00e4tigkeiten<\/h2>\n\n\n\n<ul class=\"wp-block-list\">\n<li>Allgemeine Hals-, Nasen-, Ohrenheilkunde <\/li>\n\n\n\n<li>H\u00f6rabkl\u00e4rungen, H\u00f6rger\u00e4teexpertisen<\/li>\n\n\n\n<li>Schwindel- und Tinnitusabkl\u00e4rung<\/li>\n\n\n\n<li>Schlafabkl\u00e4rung<\/li>\n\n\n\n<li>Ultraschalluntersuchungen im Kopf- und Halsbereich<\/li>\n\n\n\n<li>Stimm- und Schluckabkl\u00e4rungen<\/li>\n\n\n\n<li>Operationen im Hals-, Nasen-, Ohren- und Gesichtsbereich\n<ul class=\"wp-block-list\">\n<li>Ambulante Kleinchirurgie in der Praxis<\/li>\n<\/ul>\n<\/li>\n<\/ul>\n\n\n\n<h2 class=\"wp-block-heading\">Technische Ausr\u00fcstung<\/h2>\n\n\n\n<ul class=\"wp-block-list\">\n<li>Endoskopische, mikroskopische und stroboskopische Untersuchungen<\/li>\n\n\n\n<li>H\u00f6rpr\u00fcfung (Audiometrie, Tympanometrie, Hirnstammaudiometrie \/ BERA, otoakustische Emissionen)<\/li>\n\n\n\n<li>Schwindelpr\u00fcfung (Videonystagmographie, kalorische Labyrinthpr\u00fcfung, vestibul\u00e4r evozierte myogene Potentiale VEMP)<\/li>\n\n\n\n<li>Ausr\u00fcstung f\u00fcr ambulante Kleinchirurgie in der Praxis<\/li>\n\n\n\n<li>Ultraschall<\/li>\n\n\n\n<li>DVT digitale Volumentomographie &#8211; Hochentwickelte 3 dimensionale R\u00f6ntgenuntersuchung, mit weniger Strahlenbelastung als ein herk\u00f6mmliches Computertomogram<\/li>\n<\/ul>\n","protected":false},"excerpt":{"rendered":"<p>T\u00e4tigkeiten Technische Ausr\u00fcstung<\/p>\n","protected":false},"author":1,"featured_media":0,"parent":0,"menu_order":0,"comment_status":"closed","ping_status":"closed","template":"","meta":{"footnotes":""},"class_list":["post-105","page","type-page","status-publish","hentry"],"_links":{"self":[{"href":"https:\/\/haenni-hno.ch\/index.php?rest_route=\/wp\/v2\/pages\/105","targetHints":{"allow":["GET"]}}],"collection":[{"href":"https:\/\/haenni-hno.ch\/index.php?rest_route=\/wp\/v2\/pages"}],"about":[{"href":"https:\/\/haenni-hno.ch\/index.php?rest_route=\/wp\/v2\/types\/page"}],"author":[{"embeddable":true,"href":"https:\/\/haenni-hno.ch\/index.php?rest_route=\/wp\/v2\/users\/1"}],"replies":[{"embeddable":true,"href":"https:\/\/haenni-hno.ch\/index.php?rest_route=%2Fwp%2Fv2%2Fcomments&post=105"}],"version-history":[{"count":27,"href":"https:\/\/haenni-hno.ch\/index.php?rest_route=\/wp\/v2\/pages\/105\/revisions"}],"predecessor-version":[{"id":323,"href":"https:\/\/haenni-hno.ch\/index.php?rest_route=\/wp\/v2\/pages\/105\/revisions\/323"}],"wp:attachment":[{"href":"https:\/\/haenni-hno.ch\/index.php?rest_route=%2Fwp%2Fv2%2Fmedia&parent=105"}],"curies":[{"name":"wp","href":"https:\/\/api.w.org\/{rel}","templated":true}]}}